{"id":253,"date":"2016-07-01T13:38:03","date_gmt":"2016-07-01T13:38:03","guid":{"rendered":"http:\/\/?post_type=product&#038;p=253"},"modified":"2026-01-12T17:38:01","modified_gmt":"2026-01-12T17:38:01","slug":"original-sacred-box","status":"publish","type":"product","link":"https:\/\/sacred-box.com\/index.php\/product\/original-sacred-box\/","title":{"rendered":"Original Sacred Box"},"content":{"rendered":"<p class=\"p1\">En commandant une <span class=\"s1\"><b>Sacred Box<\/b><\/span>, vous choisissez de vivre une exp\u00e9rience personnelle et intentionnelle.<\/p>\n<p class=\"p1\">Chaque box est <span class=\"s1\"><b>cr\u00e9\u00e9e sur mesure<\/b><\/span>, \u00e0 partir des informations que vous partagerez apr\u00e8s votre achat (lettre d\u2019intention, date de naissance, photo). Une lecture intuitive est alors r\u00e9alis\u00e9e afin de composer une box en r\u00e9sonance avec votre \u00e9nergie et votre moment de vie.<\/p>\n<p class=\"p1\">Le contenu de la Sacred Box reste <span class=\"s1\"><b>volontairement inconnu<\/b><\/span> jusqu\u2019\u00e0 son ouverture.<\/p>\n<p class=\"p1\">Ce choix fait partie int\u00e9grante de l\u2019exp\u00e9rience : il permet d\u2019accueillir ce qui se pr\u00e9sente sans attente ni projection.<\/p>\n<p class=\"p1\">La box est ensuite <span class=\"s1\"><b>scell\u00e9e<\/b><\/span> et envoy\u00e9e sous un d\u00e9lai maximum de <span class=\"s1\"><b>deux semaines<\/b><\/span>.<\/p>\n<p class=\"p1\">Elle est destin\u00e9e \u00e0 \u00eatre ouverte uniquement par la personne concern\u00e9e, <span class=\"s1\"><b>au moment qui lui semblera juste<\/b><\/span>.<\/p>\n<p class=\"p1\">Sacred Box s\u2019inscrit dans une d\u00e9marche de bien-\u00eatre et de d\u00e9veloppement personnel.<\/p>\n<p class=\"p1\">Elle ne constitue ni un acte m\u00e9dical, ni une th\u00e9rapie, et ne se substitue \u00e0 aucun accompagnement professionnel.<\/p>\n<p class=\"p1\">En validant votre achat, vous reconnaissez avoir pris connaissance de la nature personnalis\u00e9e de la Sacred Box, ainsi que de l\u2019absence de droit de r\u00e9tractation li\u00e9e \u00e0 sa cr\u00e9ation sur mesure.<\/p>\n","protected":false},"excerpt":{"rendered":"<p class=\"p1\">Avant de valider votre commande, merci de <span class=\"s1\"><b>compl\u00e9ter les champs ci-dessous<\/b><\/span> (lettre d\u2019intention, date de naissance et photo).<\/p>\n<p class=\"p1\">Ces informations sont indispensables \u00e0 la cr\u00e9ation de votre <span class=\"s1\"><b>Sacred Box<\/b><\/span> personnalis\u00e9e.<\/p>\n<p class=\"p1\">En validant, vous acceptez la nature sur mesure de cette exp\u00e9rience et l\u2019absence de droit de r\u00e9tractation.<\/p>\n[contact-form-7 id=\"7c27185\" title=\"Sans titre\"]\n","protected":false},"featured_media":682,"template":"","meta":[],"product_brand":[],"product_cat":[15],"product_tag":[],"class_list":{"0":"post-253","1":"product","2":"type-product","3":"status-publish","4":"has-post-thumbnail","6":"product_cat-original","8":"first","9":"instock","10":"sold-individually","11":"purchasable","12":"product-type-simple"},"jetpack_sharing_enabled":true,"_links":{"self":[{"href":"https:\/\/sacred-box.com\/index.php\/wp-json\/wp\/v2\/product\/253","targetHints":{"allow":["GET"]}}],"collection":[{"href":"https:\/\/sacred-box.com\/index.php\/wp-json\/wp\/v2\/product"}],"about":[{"href":"https:\/\/sacred-box.com\/index.php\/wp-json\/wp\/v2\/types\/product"}],"wp:featuredmedia":[{"embeddable":true,"href":"https:\/\/sacred-box.com\/index.php\/wp-json\/wp\/v2\/media\/682"}],"wp:attachment":[{"href":"https:\/\/sacred-box.com\/index.php\/wp-json\/wp\/v2\/media?parent=253"}],"wp:term":[{"taxonomy":"product_brand","embeddable":true,"href":"https:\/\/sacred-box.com\/index.php\/wp-json\/wp\/v2\/product_brand?post=253"},{"taxonomy":"product_cat","embeddable":true,"href":"https:\/\/sacred-box.com\/index.php\/wp-json\/wp\/v2\/product_cat?post=253"},{"taxonomy":"product_tag","embeddable":true,"href":"https:\/\/sacred-box.com\/index.php\/wp-json\/wp\/v2\/product_tag?post=253"}],"curies":[{"name":"wp","href":"https:\/\/api.w.org\/{rel}","templated":true}]}}