{"id":2,"date":"2025-08-11T18:14:38","date_gmt":"2025-08-11T18:14:38","guid":{"rendered":"http:\/\/sacred-box.com\/?page_id=2"},"modified":"2026-01-04T16:12:14","modified_gmt":"2026-01-04T16:12:14","slug":"manual-sacred-box","status":"publish","type":"page","link":"https:\/\/sacred-box.com\/index.php\/manual-sacred-box\/","title":{"rendered":"Manual Sacred Box"},"content":{"rendered":"<div class=\"wpb-content-wrapper\"><p>[vc_row][vc_column]<section  class=\"row \"><div class=\"container\"><div class=\"row section-header wow fadeInUp\"><h2>Lecture des cartes<\/h2><p><\/p><\/div><\/div><\/section>[\/vc_column][\/vc_row][vc_row][vc_column width=\u00a0\u00bb1\/2&Prime;][vc_column_text css=\u00a0\u00bb.vc_custom_1767543036692{margin-top: 35px !important;}\u00a0\u00bb]<\/p>\n<p data-start=\"268\" data-end=\"498\">Cette page vous invite \u00e0 d\u00e9couvrir la signification des cartes qui ont \u00e9t\u00e9 tir\u00e9es pour vous. Elles ne sont ni un verdict, ni une pr\u00e9diction, mais <strong data-start=\"416\" data-end=\"441\">un langage symbolique<\/strong> destin\u00e9 \u00e0 \u00e9clairer ce que vous traversez int\u00e9rieurement. Chaque carte agit comme un miroir. Elle met en lumi\u00e8re une \u00e9nergie, un mouvement, une invitation ou un point d\u2019attention, en lien avec votre intention et votre moment de vie.<\/p>\n<p data-start=\"678\" data-end=\"886\">Prenez le temps de lire ces messages lentement. Laissez les mots r\u00e9sonner, sans chercher \u00e0 tout comprendre imm\u00e9diatement. Certaines significations parlent tout de suite, d\u2019autres s\u2019installent avec le temps.<\/p>\n<p data-start=\"888\" data-end=\"1032\">Cette lecture est l\u00e0 pour <strong data-start=\"914\" data-end=\"929\">accompagner<\/strong>, jamais pour diriger.<br data-start=\"951\" data-end=\"954\" \/>Vous restez libre de votre interpr\u00e9tation, de votre rythme et de votre chemin.<\/p>\n<p data-start=\"1034\" data-end=\"1123\">Faites confiance \u00e0 ce qui fait \u00e9cho en vous.<br data-start=\"1078\" data-end=\"1081\" \/>C\u2019est souvent l\u00e0 que le message se r\u00e9v\u00e8le.<\/p>\n<p>[\/vc_column_text][\/vc_column][vc_column width=\u00a0\u00bb1\/2&Prime;][vc_wp_text]<\/p>\n<div class=\"_df_book df-lite\" id=\"df_740\"  _slug=\"guidebook-sacred-box\" data-title=\"guidebook-sacred-box\" wpoptions=\"true\" thumbtype=\"\" ><\/div><script class=\"df-shortcode-script\" nowprocket type=\"application\/javascript\">window.option_df_740 = {\"outline\":[],\"backgroundColor\":\"#FFF\",\"viewerType\":\"flipbook\",\"autoEnableOutline\":\"false\",\"autoEnableThumbnail\":\"false\",\"overwritePDFOutline\":\"false\",\"direction\":\"1\",\"pageSize\":\"0\",\"maxTextureSize\":\"1024\",\"source\":\"https:\\\/\\\/sacred-box.com\\\/wp-content\\\/uploads\\\/2026\\\/01\\\/Sacred-box-guidebook-card.pdf\",\"wpOptions\":\"true\"}; if(window.DFLIP && window.DFLIP.parseBooks){window.DFLIP.parseBooks();}<\/script>\n<p>[\/vc_wp_text][\/vc_column][\/vc_row]<\/p>\n<\/div>","protected":false},"excerpt":{"rendered":"<p>[vc_row][vc_column][\/vc_column][\/vc_row][vc_row][vc_column width=\u00a0\u00bb1\/2&Prime;][vc_column_text css=\u00a0\u00bb.vc_custom_1767543036692{margin-top: 35px !important;}\u00a0\u00bb] Cette page vous invite \u00e0 d\u00e9couvrir la signification des cartes qui ont \u00e9t\u00e9 tir\u00e9es pour vous. Elles ne sont ni un verdict, ni une pr\u00e9diction, mais un langage symbolique destin\u00e9 \u00e0 \u00e9clairer ce que vous traversez int\u00e9rieurement. Chaque carte agit comme un miroir. Elle met en lumi\u00e8re une \u00e9nergie, un [&hellip;]<\/p>\n","protected":false},"author":1,"featured_media":0,"parent":0,"menu_order":0,"comment_status":"closed","ping_status":"open","template":"fullwidth-page.php","meta":{"footnotes":""},"class_list":["post-2","page","type-page","status-publish","hentry"],"jetpack_sharing_enabled":true,"_links":{"self":[{"href":"https:\/\/sacred-box.com\/index.php\/wp-json\/wp\/v2\/pages\/2","targetHints":{"allow":["GET"]}}],"collection":[{"href":"https:\/\/sacred-box.com\/index.php\/wp-json\/wp\/v2\/pages"}],"about":[{"href":"https:\/\/sacred-box.com\/index.php\/wp-json\/wp\/v2\/types\/page"}],"author":[{"embeddable":true,"href":"https:\/\/sacred-box.com\/index.php\/wp-json\/wp\/v2\/users\/1"}],"replies":[{"embeddable":true,"href":"https:\/\/sacred-box.com\/index.php\/wp-json\/wp\/v2\/comments?post=2"}],"version-history":[{"count":17,"href":"https:\/\/sacred-box.com\/index.php\/wp-json\/wp\/v2\/pages\/2\/revisions"}],"predecessor-version":[{"id":831,"href":"https:\/\/sacred-box.com\/index.php\/wp-json\/wp\/v2\/pages\/2\/revisions\/831"}],"wp:attachment":[{"href":"https:\/\/sacred-box.com\/index.php\/wp-json\/wp\/v2\/media?parent=2"}],"curies":[{"name":"wp","href":"https:\/\/api.w.org\/{rel}","templated":true}]}}